{"id":1019,"date":"2025-06-13T13:52:47","date_gmt":"2025-06-13T13:52:47","guid":{"rendered":"https:\/\/fxfellow-com.wp-dev.int.theitops.net\/?page_id=1019"},"modified":"2026-05-04T10:44:11","modified_gmt":"2026-05-04T10:44:11","slug":"account-spread-comparison","status":"publish","type":"page","link":"https:\/\/www.fxfellow.com\/fr\/trading\/account-spread-comparison\/","title":{"rendered":"Comparaison des spreads de compte"},"content":{"rendered":"<div data-elementor-type=\"wp-page\" data-elementor-id=\"1019\" class=\"elementor elementor-1019\" data-elementor-post-type=\"page\">\n\t\t\t\t<div class=\"elementor-element elementor-element-fbfda67 e-flex e-con-boxed e-con e-parent\" data-id=\"fbfda67\" data-element_type=\"container\" data-e-type=\"container\" data-settings=\"{&quot;background_background&quot;:&quot;classic&quot;}\">\n\t\t\t\t\t<div class=\"e-con-inner\">\n\t\t<div class=\"elementor-element elementor-element-7ba8b7b e-con-full e-flex e-con e-child\" data-id=\"7ba8b7b\" data-element_type=\"container\" data-e-type=\"container\">\n\t\t\t\t<div class=\"elementor-element elementor-element-85985ad elementor-widget elementor-widget-heading\" data-id=\"85985ad\" data-element_type=\"widget\" data-e-type=\"widget\" data-widget_type=\"heading.default\">\n\t\t\t\t<div class=\"elementor-widget-container\">\n\t\t\t\t\t<h1 class=\"elementor-heading-title elementor-size-default\">Comparaison des spreads de compte<\/h1>\t\t\t\t<\/div>\n\t\t\t\t<\/div>\n\t\t\t\t<div class=\"elementor-element elementor-element-16cabf8 elementor-widget elementor-widget-text-editor\" data-id=\"16cabf8\" data-element_type=\"widget\" data-e-type=\"widget\" data-widget_type=\"text-editor.default\">\n\t\t\t\t<div class=\"elementor-widget-container\">\n\t\t\t\t\t\t\t\t\t<p>FXFellow offre des spreads comp\u00e9titifs pour tous les traders.<\/p>\t\t\t\t\t\t\t\t<\/div>\n\t\t\t\t<\/div>\n\t\t\t\t<\/div>\n\t\t\t\t<div class=\"elementor-element elementor-element-5556d36 elementor-position-inline-start elementor-view-default elementor-mobile-position-block-start elementor-widget elementor-widget-icon-box\" data-id=\"5556d36\" data-element_type=\"widget\" data-e-type=\"widget\" data-widget_type=\"icon-box.default\">\n\t\t\t\t<div class=\"elementor-widget-container\">\n\t\t\t\t\t\t\t<div class=\"elementor-icon-box-wrapper\">\n\n\t\t\t\t\t\t<div class=\"elementor-icon-box-icon\">\n\t\t\t\t<span  class=\"elementor-icon\">\n\t\t\t\t<svg xmlns=\"http:\/\/www.w3.org\/2000\/svg\" width=\"24\" height=\"24\" viewbox=\"0 0 24 24\" fill=\"none\"><path d=\"M8.46445 8.46448L4.92893 4.92896M4.92893 19.0711L8.46448 15.5355M15.5355 15.5355L19.0711 19.071M19.0711 4.92891L15.5355 8.46445M22 12C22 17.5228 17.5228 22 12 22C6.47715 22 2 17.5228 2 12C2 6.47715 6.47715 2 12 2C17.5228 2 22 6.47715 22 12ZM17 12C17 14.7614 14.7614 17 12 17C9.23858 17 7 14.7614 7 12C7 9.23858 9.23858 7 12 7C14.7614 7 17 9.23858 17 12Z\" stroke=\"#101314\" stroke-width=\"2\" stroke-linecap=\"round\" stroke-linejoin=\"round\"><\/path><\/svg>\t\t\t\t<\/span>\n\t\t\t<\/div>\n\t\t\t\n\t\t\t\t\t\t<div class=\"elementor-icon-box-content\">\n\n\t\t\t\t\t\t\t\t\t<h3 class=\"elementor-icon-box-title\">\n\t\t\t\t\t\t<span  >\n\t\t\t\t\t\t\tSpread flottant en direct\t\t\t\t\t\t<\/span>\n\t\t\t\t\t<\/h3>\n\t\t\t\t\n\t\t\t\t\n\t\t\t<\/div>\n\t\t\t\n\t\t<\/div>\n\t\t\t\t\t\t<\/div>\n\t\t\t\t<\/div>\n\t\t<div class=\"elementor-element elementor-element-b8df614 e-con-full e-flex e-con e-child\" data-id=\"b8df614\" data-element_type=\"container\" data-e-type=\"container\">\n\t\t\t\t<div class=\"elementor-element elementor-element-c253745 elementor-widget__width-inherit elementor-widget elementor-widget-html\" data-id=\"c253745\" data-element_type=\"widget\" data-e-type=\"widget\" data-widget_type=\"html.default\">\n\t\t\t\t<div class=\"elementor-widget-container\">\n\t\t\t\t\t\r\n<style>\r\n\r\n\r\n  table {\r\n    width: 100%;\r\n    border-collapse: collapse;\r\n    table-layout: fixed;\r\n    font-family: \"Figtree\";\r\n  }\r\n\r\nth, td {\r\n  width: 25%;\r\n}\r\n\r\n  thead th {\r\n    background: #000;\r\n    color: #F4F3F4;\r\n    text-align: left;\r\n    padding: 12px 16px;\r\n    font-size: 23px!important;\r\n    font-weight: 500;\r\n    line-height: 19px;\r\n    border-right: 1px solid #333;\r\n  }\r\n\r\n\/* First column \u2014 Bold *\/\r\ntd:first-child {\r\n  color: #000;\r\n  font-family: Figtree, sans-serif;\r\n  font-size: 14.637px;\r\n  font-style: normal;\r\n  font-weight: 600;\r\n  line-height: 18.82px;\r\n}\r\n\r\n\/* Remaining columns \u2014 Regular *\/\r\ntd:not(:first-child) {\r\n  color: #000;\r\n  font-family: Figtree, sans-serif;\r\n  font-size: 14.637px;\r\n  font-style: normal;\r\n  font-weight: 400;\r\n  line-height: 18.82px;\r\n}\r\n\r\n  .upgrade {\r\n    font-weight: 400;\r\n    font-size: 18px;\r\n    line-height: 18px;\r\n    color: #F4F3F4;\r\n  }\r\n\r\n  tbody tr {\r\n    border-bottom: 1px solid #828282;\r\n  }\r\n\r\n  tbody tr, table tbody>tr:nth-child(odd)>td, table tbody>tr:nth-child(odd)>th {\r\n    background: #fff!important;\r\n  }\r\n\r\n  td {\r\n    padding: 10px 16px;\r\n    border-right: 1px solid #828282;\r\n  }\r\n  @media only screen and (max-width: 1024px) {\r\n  thead th {\r\n    padding: 5px 10px;\r\n    font-size: 18px!important;\r\n    line-height: 18px;\r\n    vertical-align: middle;\r\n  }\r\n  .upgrade {\r\n    font-size: 14px;\r\n    line-height: 14px;\r\n  }\r\n  td:first-child, td:not(:first-child) {\r\n  font-size: 11px;\r\n  line-height: 18px;\r\n}\r\ntd {\r\n    padding: 5px 10px!important;\r\n    border-right: 1px solid #828282;\r\n  }\r\n}\r\n<\/style>\r\n\r\n\r\n<table>\r\n  <thead>\r\n    <tr>\r\n      <th>Symbole<\/th>\r\n      <th>Basique<\/th>\r\n      <th>Premium <span class=\"upgrade\">Mise \u00e0 niveau<\/span><\/th>\r\n      <th>VIP <span class=\"upgrade\">Mise \u00e0 niveau<\/span><\/th>\r\n    <\/tr>\r\n  <\/thead>\r\n  <tbody>\r\n    <tr><td>EUR\/USD<\/td><td>1.6<\/td><td>1.4<\/td><td>1.1<\/td><\/tr>\r\n    <tr><td>GBP\/USD<\/td><td>1.8<\/td><td>1.6<\/td><td>1.3<\/td><\/tr>\r\n    <tr><td>USD\/CHF<\/td><td>1.6<\/td><td>1.4<\/td><td>1.1<\/td><\/tr>\r\n    <tr><td>USD\/JPY<\/td><td>1.7<\/td><td>1.5<\/td><td>1.2<\/td><\/tr>\r\n    <tr><td>AUD\/USD<\/td><td>1.6<\/td><td>1.4<\/td><td>1.1<\/td><\/tr>\r\n    <tr><td>USD\/CAD<\/td><td>1.6<\/td><td>1.4<\/td><td>1.1<\/td><\/tr>\r\n    <tr><td>NZD\/USD<\/td><td>1.6<\/td><td>1.4<\/td><td>1.1<\/td><\/tr>\r\n\r\n    <tr><td>EUR\/CHF<\/td><td>1.7<\/td><td>1.5<\/td><td>1.2<\/td><\/tr>\r\n    <tr><td>EUR\/GBP<\/td><td>1.6<\/td><td>1.4<\/td><td>1.1<\/td><\/tr>\r\n    <tr><td>EUR\/JPY<\/td><td>1.8<\/td><td>1.6<\/td><td>1.3<\/td><\/tr>\r\n    <tr><td>GBP\/JPY<\/td><td>2.9<\/td><td>2.7<\/td><td>2.4<\/td><\/tr>\r\n    <tr><td>GBP\/CHF<\/td><td>2.1<\/td><td>1.9<\/td><td>1.6<\/td><\/tr>\r\n    <tr><td>XAUEUR<\/td><td>0.45<\/td><td>0.4<\/td><td>0.4<\/td><\/tr>\r\n    <tr><td>XAUUSD<\/td><td>0.35<\/td><td>0.3<\/td><td>0.3<\/td><\/tr>\r\n    <tr><td>XAGUSD<\/td><td>0.04<\/td><td>0.04<\/td><td>0.04<\/td><\/tr>\r\n    <tr><td>XAGEUR<\/td><td>0.06<\/td><td>0.06<\/td><td>0.06<\/td><\/tr>\r\n    <tr><td>EU50Cash<\/td><td>2.5<\/td><td>2.5<\/td><td>2.5<\/td><\/tr>\r\n    <tr><td>FRA40Cash<\/td><td>2.5<\/td><td>2.5<\/td><td>2.5<\/td><\/tr>\r\n    <tr><td>GER40Cash<\/td><td>4<\/td><td>4<\/td><td>4<\/td><\/tr>\r\n    <tr><td>JP225Cash<\/td><td>8<\/td><td>8<\/td><td>8<\/td><\/tr>\r\n    <tr><td>UK100Cash<\/td><td>2<\/td><td>2<\/td><td>2<\/td><\/tr>\r\n    <tr><td>US100Cash<\/td><td>2.3<\/td><td>2.3<\/td><td>2.3<\/td><\/tr>\r\n    <tr><td>US30Cash<\/td><td>5<\/td><td>5<\/td><td>5<\/td><\/tr>\r\n    <tr><td>US500Cash<\/td><td>1.5<\/td><td>1.5<\/td><td>1.5<\/td><\/tr>\r\n    <tr><td>BTCUSD<\/td><td>28.5<\/td><td>28.5<\/td><td>28.5<\/td><\/tr>\r\n    <tr><td>ETHUSD<\/td><td>2.9<\/td><td>2.9<\/td><td>2.9<\/td><\/tr>\r\n    <tr><td>LTCUSD<\/td><td>1.3<\/td><td>1.3<\/td><td>1.3<\/td><\/tr>\r\n    <tr><td>XRPUSD<\/td><td>0.05<\/td><td>0.05<\/td><td>0.05<\/td><\/tr>\r\n    <tr><td>BCHUSD<\/td><td>19.5<\/td><td>19.5<\/td><td>19.5<\/td><\/tr>\r\n    <tr><td>SOLUSD<\/td><td>0.75<\/td><td>0.75<\/td><td>0.75<\/td><\/tr>\r\n    <tr><td>BRENTCASH<\/td><td>0.04<\/td><td>0.04<\/td><td>0.04<\/td><\/tr>\r\n    <tr><td>NAT.GASCASH<\/td><td>0.02<\/td><td>0.02<\/td><td>0.02<\/td><\/tr>\r\n    <tr><td>WTICASH<\/td><td>0.04<\/td><td>0.04<\/td><td>0.04<\/td><\/tr>\r\n  <\/tbody>\r\n<\/table>\r\n\r\n\r\n\t\t\t\t<\/div>\n\t\t\t\t<\/div>\n\t\t\t\t<\/div>\n\t\t<div class=\"elementor-element elementor-element-ecd52de e-con-full e-flex e-con e-child\" data-id=\"ecd52de\" data-element_type=\"container\" data-e-type=\"container\">\n\t\t\t\t<div class=\"elementor-element elementor-element-408163b elementor-widget elementor-widget-text-editor\" data-id=\"408163b\" data-element_type=\"widget\" data-e-type=\"widget\" data-widget_type=\"text-editor.default\">\n\t\t\t\t<div class=\"elementor-widget-container\">\n\t\t\t\t\t\t\t\t\t<p>Note :<\/p>\t\t\t\t\t\t\t\t<\/div>\n\t\t\t\t<\/div>\n\t\t\t\t<div class=\"elementor-element elementor-element-b384d40 elementor-widget elementor-widget-text-editor\" data-id=\"b384d40\" data-element_type=\"widget\" data-e-type=\"widget\" data-widget_type=\"text-editor.default\">\n\t\t\t\t<div class=\"elementor-widget-container\">\n\t\t\t\t\t\t\t\t\t<ul>\n \t<li>Les spreads fixes nuls sur les principales paires passeront \u00e0 3 pips durant la session de minuit (23h00 \u2013 02h00, GMT+2).<\/li>\n \t<li>Les spreads fixes en direct durant la session de minuit (23h00 \u2013 02h00, GMT+2) deviendront des spreads flottants en direct.<\/li>\n \t<li>Tous les spreads sont fournis \u00e0 titre indicatif. Pour consulter les valeurs en temps r\u00e9el, les clients sont invit\u00e9s \u00e0 se r\u00e9f\u00e9rer \u00e0 leur terminal de trading.<\/li>\n<\/ul>\t\t\t\t\t\t\t\t<\/div>\n\t\t\t\t<\/div>\n\t\t\t\t<\/div>\n\t\t<div class=\"elementor-element elementor-element-eea65b2 e-con-full e-flex e-con e-child\" data-id=\"eea65b2\" data-element_type=\"container\" data-e-type=\"container\">\n\t\t\t\t<div class=\"elementor-element elementor-element-799b78f elementor-widget elementor-widget-button\" data-id=\"799b78f\" data-element_type=\"widget\" data-e-type=\"widget\" data-widget_type=\"button.default\">\n\t\t\t\t<div class=\"elementor-widget-container\">\n\t\t\t\t\t\t\t\t\t<div class=\"elementor-button-wrapper\">\n\t\t\t\t\t<a class=\"elementor-button elementor-button-link elementor-size-sm\" href=\"https:\/\/my.fxfellow.com\/#\/register\">\n\t\t\t\t\t\t<span class=\"elementor-button-content-wrapper\">\n\t\t\t\t\t\t\t\t\t<span class=\"elementor-button-text\">Commencer \u00e0 n\u00e9gocier<\/span>\n\t\t\t\t\t<\/span>\n\t\t\t\t\t<\/a>\n\t\t\t\t<\/div>\n\t\t\t\t\t\t\t\t<\/div>\n\t\t\t\t<\/div>\n\t\t\t\t<div class=\"elementor-element elementor-element-6a813c0 elementor-widget-mobile__width-initial elementor-widget elementor-widget-text-editor\" data-id=\"6a813c0\" data-element_type=\"widget\" data-e-type=\"widget\" data-widget_type=\"text-editor.default\">\n\t\t\t\t<div class=\"elementor-widget-container\">\n\t\t\t\t\t\t\t\t\t<p>Tout trading comporte des risques. Il est possible de perdre la totalit\u00e9 de votre capital.<\/p>\t\t\t\t\t\t\t\t<\/div>\n\t\t\t\t<\/div>\n\t\t\t\t<\/div>\n\t\t\t\t\t<\/div>\n\t\t\t\t<\/div>\n\t\t\t\t<\/div>","protected":false},"excerpt":{"rendered":"<p>Account Spreads FXFellow offers competitive spreads for all traders Live Floating Spread Symbol Basic Premium Upgrade* VIP Upgrade* EUR\/USD 1.6 1.4 1.1 GBP\/USD 1.8 1.6 1.3 USD\/CHF 1.6 1.4 1.1 USD\/JPY 1.7 1.5 1.2 AUD\/USD 1.6 1.4 1.1 USD\/CAD 1.6 1.4 1.1 NZD\/USD 1.6 1.4 1.1 EUR\/CHF 1.7 1.5 1.2 EUR\/GBP 1.6 1.4 1.1 EUR\/JPY [&hellip;]<\/p>\n","protected":false},"author":7,"featured_media":0,"parent":271,"menu_order":0,"comment_status":"closed","ping_status":"closed","template":"","meta":{"footnotes":""},"class_list":["post-1019","page","type-page","status-publish","hentry"],"yoast_head":"<!-- This site is optimized with the Yoast SEO plugin v27.5 - https:\/\/yoast.com\/product\/yoast-seo-wordpress\/ -->\n<title>Account Spread Comparison - FXFellow<\/title>\n<meta name=\"robots\" content=\"index, follow, max-snippet:-1, max-image-preview:large, max-video-preview:-1\" \/>\n<link rel=\"canonical\" href=\"https:\/\/www.fxfellow.com\/fr\/trading\/account-spread-comparison\/\" \/>\n<meta property=\"og:locale\" content=\"fr_FR\" \/>\n<meta property=\"og:type\" content=\"article\" \/>\n<meta property=\"og:title\" content=\"Account Spread Comparison - FXFellow\" \/>\n<meta property=\"og:description\" content=\"Account Spreads FXFellow offers competitive spreads for all traders Live Floating Spread Symbol Basic Premium Upgrade* VIP Upgrade* EUR\/USD 1.6 1.4 1.1 GBP\/USD 1.8 1.6 1.3 USD\/CHF 1.6 1.4 1.1 USD\/JPY 1.7 1.5 1.2 AUD\/USD 1.6 1.4 1.1 USD\/CAD 1.6 1.4 1.1 NZD\/USD 1.6 1.4 1.1 EUR\/CHF 1.7 1.5 1.2 EUR\/GBP 1.6 1.4 1.1 EUR\/JPY [&hellip;]\" \/>\n<meta property=\"og:url\" content=\"https:\/\/www.fxfellow.com\/fr\/trading\/account-spread-comparison\/\" \/>\n<meta property=\"og:site_name\" content=\"FXFellow\" \/>\n<meta property=\"article:modified_time\" content=\"2026-05-04T10:44:11+00:00\" \/>\n<meta name=\"twitter:card\" content=\"summary_large_image\" \/>\n<meta name=\"twitter:label1\" content=\"Dur\u00e9e de lecture estim\u00e9e\" \/>\n\t<meta name=\"twitter:data1\" content=\"1 minute\" \/>\n<script type=\"application\/ld+json\" class=\"yoast-schema-graph\">{\"@context\":\"https:\\\/\\\/schema.org\",\"@graph\":[{\"@type\":\"WebPage\",\"@id\":\"https:\\\/\\\/www.fxfellow.com\\\/trading\\\/account-spread-comparison\\\/\",\"url\":\"https:\\\/\\\/www.fxfellow.com\\\/trading\\\/account-spread-comparison\\\/\",\"name\":\"Account Spread Comparison - FXFellow\",\"isPartOf\":{\"@id\":\"https:\\\/\\\/www.fxfellow.com\\\/#website\"},\"datePublished\":\"2025-06-13T13:52:47+00:00\",\"dateModified\":\"2026-05-04T10:44:11+00:00\",\"breadcrumb\":{\"@id\":\"https:\\\/\\\/www.fxfellow.com\\\/trading\\\/account-spread-comparison\\\/#breadcrumb\"},\"inLanguage\":\"fr-FR\",\"potentialAction\":[{\"@type\":\"ReadAction\",\"target\":[\"https:\\\/\\\/www.fxfellow.com\\\/trading\\\/account-spread-comparison\\\/\"]}]},{\"@type\":\"BreadcrumbList\",\"@id\":\"https:\\\/\\\/www.fxfellow.com\\\/trading\\\/account-spread-comparison\\\/#breadcrumb\",\"itemListElement\":[{\"@type\":\"ListItem\",\"position\":1,\"name\":\"Home\",\"item\":\"https:\\\/\\\/www.fxfellow.com\\\/\"},{\"@type\":\"ListItem\",\"position\":2,\"name\":\"Trading\",\"item\":\"https:\\\/\\\/www.fxfellow.com\\\/trading\\\/\"},{\"@type\":\"ListItem\",\"position\":3,\"name\":\"Account Spread Comparison\"}]},{\"@type\":\"WebSite\",\"@id\":\"https:\\\/\\\/www.fxfellow.com\\\/#website\",\"url\":\"https:\\\/\\\/www.fxfellow.com\\\/\",\"name\":\"FXFellow\",\"description\":\"Trade the markets with FXFellow\",\"publisher\":{\"@id\":\"https:\\\/\\\/www.fxfellow.com\\\/#organization\"},\"potentialAction\":[{\"@type\":\"SearchAction\",\"target\":{\"@type\":\"EntryPoint\",\"urlTemplate\":\"https:\\\/\\\/www.fxfellow.com\\\/?s={search_term_string}\"},\"query-input\":{\"@type\":\"PropertyValueSpecification\",\"valueRequired\":true,\"valueName\":\"search_term_string\"}}],\"inLanguage\":\"fr-FR\"},{\"@type\":\"Organization\",\"@id\":\"https:\\\/\\\/www.fxfellow.com\\\/#organization\",\"name\":\"FXFellow\",\"url\":\"https:\\\/\\\/www.fxfellow.com\\\/\",\"logo\":{\"@type\":\"ImageObject\",\"inLanguage\":\"fr-FR\",\"@id\":\"https:\\\/\\\/www.fxfellow.com\\\/#\\\/schema\\\/logo\\\/image\\\/\",\"url\":\"https:\\\/\\\/www.fxfellow.com\\\/wp-content\\\/uploads\\\/2025\\\/06\\\/Group-109.png\",\"contentUrl\":\"https:\\\/\\\/www.fxfellow.com\\\/wp-content\\\/uploads\\\/2025\\\/06\\\/Group-109.png\",\"width\":231,\"height\":32,\"caption\":\"FXFellow\"},\"image\":{\"@id\":\"https:\\\/\\\/www.fxfellow.com\\\/#\\\/schema\\\/logo\\\/image\\\/\"}}]}<\/script>\n<!-- \/ Yoast SEO plugin. -->","yoast_head_json":{"title":"Account Spread Comparison - FXFellow","robots":{"index":"index","follow":"follow","max-snippet":"max-snippet:-1","max-image-preview":"max-image-preview:large","max-video-preview":"max-video-preview:-1"},"canonical":"https:\/\/www.fxfellow.com\/fr\/trading\/account-spread-comparison\/","og_locale":"fr_FR","og_type":"article","og_title":"Account Spread Comparison - FXFellow","og_description":"Account Spreads FXFellow offers competitive spreads for all traders Live Floating Spread Symbol Basic Premium Upgrade* VIP Upgrade* EUR\/USD 1.6 1.4 1.1 GBP\/USD 1.8 1.6 1.3 USD\/CHF 1.6 1.4 1.1 USD\/JPY 1.7 1.5 1.2 AUD\/USD 1.6 1.4 1.1 USD\/CAD 1.6 1.4 1.1 NZD\/USD 1.6 1.4 1.1 EUR\/CHF 1.7 1.5 1.2 EUR\/GBP 1.6 1.4 1.1 EUR\/JPY [&hellip;]","og_url":"https:\/\/www.fxfellow.com\/fr\/trading\/account-spread-comparison\/","og_site_name":"FXFellow","article_modified_time":"2026-05-04T10:44:11+00:00","twitter_card":"summary_large_image","twitter_misc":{"Dur\u00e9e de lecture estim\u00e9e":"1 minute"},"schema":{"@context":"https:\/\/schema.org","@graph":[{"@type":"WebPage","@id":"https:\/\/www.fxfellow.com\/trading\/account-spread-comparison\/","url":"https:\/\/www.fxfellow.com\/trading\/account-spread-comparison\/","name":"Account Spread Comparison - FXFellow","isPartOf":{"@id":"https:\/\/www.fxfellow.com\/#website"},"datePublished":"2025-06-13T13:52:47+00:00","dateModified":"2026-05-04T10:44:11+00:00","breadcrumb":{"@id":"https:\/\/www.fxfellow.com\/trading\/account-spread-comparison\/#breadcrumb"},"inLanguage":"fr-FR","potentialAction":[{"@type":"ReadAction","target":["https:\/\/www.fxfellow.com\/trading\/account-spread-comparison\/"]}]},{"@type":"BreadcrumbList","@id":"https:\/\/www.fxfellow.com\/trading\/account-spread-comparison\/#breadcrumb","itemListElement":[{"@type":"ListItem","position":1,"name":"Home","item":"https:\/\/www.fxfellow.com\/"},{"@type":"ListItem","position":2,"name":"Trading","item":"https:\/\/www.fxfellow.com\/trading\/"},{"@type":"ListItem","position":3,"name":"Account Spread Comparison"}]},{"@type":"WebSite","@id":"https:\/\/www.fxfellow.com\/#website","url":"https:\/\/www.fxfellow.com\/","name":"FXFellow","description":"N\u00e9gociez sur les march\u00e9s avec FXFellow","publisher":{"@id":"https:\/\/www.fxfellow.com\/#organization"},"potentialAction":[{"@type":"SearchAction","target":{"@type":"EntryPoint","urlTemplate":"https:\/\/www.fxfellow.com\/?s={search_term_string}"},"query-input":{"@type":"PropertyValueSpecification","valueRequired":true,"valueName":"search_term_string"}}],"inLanguage":"fr-FR"},{"@type":"Organization","@id":"https:\/\/www.fxfellow.com\/#organization","name":"FXFellow","url":"https:\/\/www.fxfellow.com\/","logo":{"@type":"ImageObject","inLanguage":"fr-FR","@id":"https:\/\/www.fxfellow.com\/#\/schema\/logo\/image\/","url":"https:\/\/www.fxfellow.com\/wp-content\/uploads\/2025\/06\/Group-109.png","contentUrl":"https:\/\/www.fxfellow.com\/wp-content\/uploads\/2025\/06\/Group-109.png","width":231,"height":32,"caption":"FXFellow"},"image":{"@id":"https:\/\/www.fxfellow.com\/#\/schema\/logo\/image\/"}}]}},"_links":{"self":[{"href":"https:\/\/www.fxfellow.com\/fr\/wp-json\/wp\/v2\/pages\/1019","targetHints":{"allow":["GET"]}}],"collection":[{"href":"https:\/\/www.fxfellow.com\/fr\/wp-json\/wp\/v2\/pages"}],"about":[{"href":"https:\/\/www.fxfellow.com\/fr\/wp-json\/wp\/v2\/types\/page"}],"author":[{"embeddable":true,"href":"https:\/\/www.fxfellow.com\/fr\/wp-json\/wp\/v2\/users\/7"}],"replies":[{"embeddable":true,"href":"https:\/\/www.fxfellow.com\/fr\/wp-json\/wp\/v2\/comments?post=1019"}],"version-history":[{"count":10,"href":"https:\/\/www.fxfellow.com\/fr\/wp-json\/wp\/v2\/pages\/1019\/revisions"}],"predecessor-version":[{"id":4525,"href":"https:\/\/www.fxfellow.com\/fr\/wp-json\/wp\/v2\/pages\/1019\/revisions\/4525"}],"up":[{"embeddable":true,"href":"https:\/\/www.fxfellow.com\/fr\/wp-json\/wp\/v2\/pages\/271"}],"wp:attachment":[{"href":"https:\/\/www.fxfellow.com\/fr\/wp-json\/wp\/v2\/media?parent=1019"}],"curies":[{"name":"wp","href":"https:\/\/api.w.org\/{rel}","templated":true}]}}