{"id":567,"date":"2025-06-13T08:39:33","date_gmt":"2025-06-13T08:39:33","guid":{"rendered":"https:\/\/fxfellow-com.wp-dev.int.theitops.net\/?page_id=567"},"modified":"2025-07-31T12:04:48","modified_gmt":"2025-07-31T12:04:48","slug":"execution","status":"publish","type":"page","link":"https:\/\/www.fxfellow.com\/es\/trading\/execution\/","title":{"rendered":"Ejecuci\u00f3n de operaciones"},"content":{"rendered":"<div data-elementor-type=\"wp-page\" data-elementor-id=\"567\" class=\"elementor elementor-567\" data-elementor-post-type=\"page\">\n\t\t\t\t<div class=\"elementor-element elementor-element-10ba10a e-flex e-con-boxed e-con e-parent\" data-id=\"10ba10a\" data-element_type=\"container\" data-e-type=\"container\" data-settings=\"{&quot;background_background&quot;:&quot;classic&quot;}\">\n\t\t\t\t\t<div class=\"e-con-inner\">\n\t\t<div class=\"elementor-element elementor-element-adce963 e-con-full e-flex e-con e-child\" data-id=\"adce963\" data-element_type=\"container\" data-e-type=\"container\">\n\t\t\t\t<div class=\"elementor-element elementor-element-33dfbb1 elementor-widget elementor-widget-heading\" data-id=\"33dfbb1\" data-element_type=\"widget\" data-e-type=\"widget\" data-widget_type=\"heading.default\">\n\t\t\t\t<div class=\"elementor-widget-container\">\n\t\t\t\t\t<h2 class=\"elementor-heading-title elementor-size-default\">Ejecuci\u00f3n de operaciones<\/h2>\t\t\t\t<\/div>\n\t\t\t\t<\/div>\n\t\t\t\t<div class=\"elementor-element elementor-element-765c663 elementor-widget elementor-widget-heading\" data-id=\"765c663\" data-element_type=\"widget\" data-e-type=\"widget\" data-widget_type=\"heading.default\">\n\t\t\t\t<div class=\"elementor-widget-container\">\n\t\t\t\t\t<h2 class=\"elementor-heading-title elementor-size-default\">Ejecuci\u00f3n fiable de operaciones<\/h2>\t\t\t\t<\/div>\n\t\t\t\t<\/div>\n\t\t\t\t<div class=\"elementor-element elementor-element-ea24934 elementor-widget elementor-widget-text-editor\" data-id=\"ea24934\" data-element_type=\"widget\" data-e-type=\"widget\" data-widget_type=\"text-editor.default\">\n\t\t\t\t<div class=\"elementor-widget-container\">\n\t\t\t\t\t\t\t\t\t<p>En FXFellow nos esforzamos por ofrecer la mejor ejecuci\u00f3n disponible en el mercado, con la m\u00e1s alta velocidad y calidad en la ejecuci\u00f3n de las operaciones.<\/p><p>Para garantizarlo, invertimos constantemente en avances tecnol\u00f3gicos. Automatizamos todos los aspectos del proceso de negociaci\u00f3n, reduciendo al m\u00ednimo la intervenci\u00f3n manual, con el fin de maximizar la eficiencia y la eficacia.<\/p>\t\t\t\t\t\t\t\t<\/div>\n\t\t\t\t<\/div>\n\t\t\t\t<\/div>\n\t\t<div class=\"elementor-element elementor-element-d2616a9 e-con-full e-flex e-con e-child\" data-id=\"d2616a9\" data-element_type=\"container\" data-e-type=\"container\">\n\t\t\t\t<div class=\"elementor-element elementor-element-76f2d94 elementor-widget elementor-widget-image\" data-id=\"76f2d94\" data-element_type=\"widget\" data-e-type=\"widget\" data-widget_type=\"image.default\">\n\t\t\t\t<div class=\"elementor-widget-container\">\n\t\t\t\t\t\t\t\t\t\t\t\t\t\t\t<img fetchpriority=\"high\" decoding=\"async\" width=\"605\" height=\"512\" src=\"https:\/\/www.fxfellow.com\/wp-content\/uploads\/2025\/07\/Group-1000002113-1.png\" class=\"attachment-large size-large wp-image-1883\" alt=\"\" srcset=\"https:\/\/www.fxfellow.com\/wp-content\/uploads\/2025\/07\/Group-1000002113-1.png 605w, https:\/\/www.fxfellow.com\/wp-content\/uploads\/2025\/07\/Group-1000002113-1-300x254.png 300w, https:\/\/www.fxfellow.com\/wp-content\/uploads\/2025\/07\/Group-1000002113-1-14x12.png 14w\" sizes=\"(max-width: 605px) 100vw, 605px\" \/>\t\t\t\t\t\t\t\t\t\t\t\t\t\t\t<\/div>\n\t\t\t\t<\/div>\n\t\t\t\t<\/div>\n\t\t\t\t\t<\/div>\n\t\t\t\t<\/div>\n\t\t<div class=\"elementor-element elementor-element-7a84f58 e-flex e-con-boxed e-con e-parent\" data-id=\"7a84f58\" data-element_type=\"container\" data-e-type=\"container\" data-settings=\"{&quot;background_background&quot;:&quot;classic&quot;}\">\n\t\t\t\t\t<div class=\"e-con-inner\">\n\t\t<div class=\"elementor-element elementor-element-798afce e-con-full e-flex e-con e-child\" data-id=\"798afce\" data-element_type=\"container\" data-e-type=\"container\" data-settings=\"{&quot;background_background&quot;:&quot;classic&quot;}\">\n\t\t\t\t<div class=\"elementor-element elementor-element-fc2157f elementor-widget elementor-widget-heading\" data-id=\"fc2157f\" data-element_type=\"widget\" data-e-type=\"widget\" data-widget_type=\"heading.default\">\n\t\t\t\t<div class=\"elementor-widget-container\">\n\t\t\t\t\t<h2 class=\"elementor-heading-title elementor-size-default\">Datos de negociaci\u00f3n:<\/h2>\t\t\t\t<\/div>\n\t\t\t\t<\/div>\n\t\t\t\t<div class=\"elementor-element elementor-element-e2abd2c elementor-widget elementor-widget-text-editor\" data-id=\"e2abd2c\" data-element_type=\"widget\" data-e-type=\"widget\" data-widget_type=\"text-editor.default\">\n\t\t\t\t<div class=\"elementor-widget-container\">\n\t\t\t\t\t\t\t\t\t<p><img decoding=\"async\" class=\"alignnone size-full wp-image-1803\" src=\"https:\/\/www.fxfellow.com\/wp-content\/uploads\/2025\/07\/Icon.png\" alt=\"\" width=\"15.833333969116211px\" height=\"15px\" srcset=\"https:\/\/www.fxfellow.com\/wp-content\/uploads\/2025\/07\/Icon.png 18w, https:\/\/www.fxfellow.com\/wp-content\/uploads\/2025\/07\/Icon-13x12.png 13w\" sizes=\"(max-width: 18px) 100vw, 18px\" \/> Ejecuci\u00f3n de mercado sin recotizaciones<\/p><p><img decoding=\"async\" class=\"alignnone size-full wp-image-1803\" src=\"https:\/\/www.fxfellow.com\/wp-content\/uploads\/2025\/07\/Icon.png\" alt=\"\" width=\"15.833333969116211px\" height=\"15px\" srcset=\"https:\/\/www.fxfellow.com\/wp-content\/uploads\/2025\/07\/Icon.png 18w, https:\/\/www.fxfellow.com\/wp-content\/uploads\/2025\/07\/Icon-13x12.png 13w\" sizes=\"(max-width: 18px) 100vw, 18px\" \/> 100% de las operaciones ejecutadas en milisegundos<\/p>\t\t\t\t\t\t\t\t<\/div>\n\t\t\t\t<\/div>\n\t\t\t\t<\/div>\n\t\t<div class=\"elementor-element elementor-element-be57474 e-con-full e-flex e-con e-child\" data-id=\"be57474\" data-element_type=\"container\" data-e-type=\"container\" data-settings=\"{&quot;background_background&quot;:&quot;classic&quot;}\">\n\t\t\t\t<div class=\"elementor-element elementor-element-156cd29 elementor-widget elementor-widget-heading\" data-id=\"156cd29\" data-element_type=\"widget\" data-e-type=\"widget\" data-widget_type=\"heading.default\">\n\t\t\t\t<div class=\"elementor-widget-container\">\n\t\t\t\t\t<h2 class=\"elementor-heading-title elementor-size-default\">Mejoras en los precios:<\/h2>\t\t\t\t<\/div>\n\t\t\t\t<\/div>\n\t\t\t\t<div class=\"elementor-element elementor-element-c3be2cd elementor-widget__width-initial elementor-widget elementor-widget-text-editor\" data-id=\"c3be2cd\" data-element_type=\"widget\" data-e-type=\"widget\" data-widget_type=\"text-editor.default\">\n\t\t\t\t<div class=\"elementor-widget-container\">\n\t\t\t\t\t\t\t\t\t<p>El cliente puede confiar en una fijaci\u00f3n de precios r\u00e1pida y precisa. En xxxx, nuestros clientes tambi\u00e9n tienen la oportunidad de recibir mejoras en los precios al ejecutar sus operaciones a un precio mejor que el solicitado.<\/p>\t\t\t\t\t\t\t\t<\/div>\n\t\t\t\t<\/div>\n\t\t\t\t<\/div>\n\t\t\t\t\t<\/div>\n\t\t\t\t<\/div>\n\t\t\t\t<\/div>","protected":false},"excerpt":{"rendered":"<p>Reliable Trading Execution At FXFellow we strive to deliver the best execution available in the market, with the highest speed and quality in trading execution. To ensure this we consistently invest in technological advancement. We automate every aspect of the trading process, keeping manual intervention to a minimum, in order to maximise efficiency and effectiveness. [&hellip;]<\/p>\n","protected":false},"author":5,"featured_media":0,"parent":271,"menu_order":0,"comment_status":"closed","ping_status":"closed","template":"elementor_header_footer","meta":{"footnotes":""},"class_list":["post-567","page","type-page","status-publish","hentry"],"yoast_head":"<!-- This site is optimized with the Yoast SEO plugin v27.5 - https:\/\/yoast.com\/product\/yoast-seo-wordpress\/ -->\n<title>Trading Execution - FXFellow<\/title>\n<meta name=\"robots\" content=\"index, follow, max-snippet:-1, max-image-preview:large, max-video-preview:-1\" \/>\n<link rel=\"canonical\" href=\"https:\/\/www.fxfellow.com\/es\/trading\/execution\/\" \/>\n<meta property=\"og:locale\" content=\"es_ES\" \/>\n<meta property=\"og:type\" content=\"article\" \/>\n<meta property=\"og:title\" content=\"Trading Execution - FXFellow\" \/>\n<meta property=\"og:description\" content=\"Reliable Trading Execution At FXFellow we strive to deliver the best execution available in the market, with the highest speed and quality in trading execution. To ensure this we consistently invest in technological advancement. We automate every aspect of the trading process, keeping manual intervention to a minimum, in order to maximise efficiency and effectiveness. [&hellip;]\" \/>\n<meta property=\"og:url\" content=\"https:\/\/www.fxfellow.com\/es\/trading\/execution\/\" \/>\n<meta property=\"og:site_name\" content=\"FXFellow\" \/>\n<meta property=\"article:modified_time\" content=\"2025-07-31T12:04:48+00:00\" \/>\n<meta property=\"og:image\" content=\"https:\/\/www.fxfellow.com\/wp-content\/uploads\/2025\/07\/Group-1000002113-1.png\" \/>\n<meta name=\"twitter:card\" content=\"summary_large_image\" \/>\n<meta name=\"twitter:label1\" content=\"Tiempo de lectura\" \/>\n\t<meta name=\"twitter:data1\" content=\"2 minutos\" \/>\n<script type=\"application\/ld+json\" class=\"yoast-schema-graph\">{\"@context\":\"https:\\\/\\\/schema.org\",\"@graph\":[{\"@type\":\"WebPage\",\"@id\":\"https:\\\/\\\/www.fxfellow.com\\\/trading\\\/execution\\\/\",\"url\":\"https:\\\/\\\/www.fxfellow.com\\\/trading\\\/execution\\\/\",\"name\":\"Trading Execution - FXFellow\",\"isPartOf\":{\"@id\":\"https:\\\/\\\/www.fxfellow.com\\\/#website\"},\"primaryImageOfPage\":{\"@id\":\"https:\\\/\\\/www.fxfellow.com\\\/trading\\\/execution\\\/#primaryimage\"},\"image\":{\"@id\":\"https:\\\/\\\/www.fxfellow.com\\\/trading\\\/execution\\\/#primaryimage\"},\"thumbnailUrl\":\"https:\\\/\\\/www.fxfellow.com\\\/wp-content\\\/uploads\\\/2025\\\/07\\\/Group-1000002113-1.png\",\"datePublished\":\"2025-06-13T08:39:33+00:00\",\"dateModified\":\"2025-07-31T12:04:48+00:00\",\"breadcrumb\":{\"@id\":\"https:\\\/\\\/www.fxfellow.com\\\/trading\\\/execution\\\/#breadcrumb\"},\"inLanguage\":\"es\",\"potentialAction\":[{\"@type\":\"ReadAction\",\"target\":[\"https:\\\/\\\/www.fxfellow.com\\\/trading\\\/execution\\\/\"]}]},{\"@type\":\"ImageObject\",\"inLanguage\":\"es\",\"@id\":\"https:\\\/\\\/www.fxfellow.com\\\/trading\\\/execution\\\/#primaryimage\",\"url\":\"https:\\\/\\\/www.fxfellow.com\\\/wp-content\\\/uploads\\\/2025\\\/07\\\/Group-1000002113-1.png\",\"contentUrl\":\"https:\\\/\\\/www.fxfellow.com\\\/wp-content\\\/uploads\\\/2025\\\/07\\\/Group-1000002113-1.png\"},{\"@type\":\"BreadcrumbList\",\"@id\":\"https:\\\/\\\/www.fxfellow.com\\\/trading\\\/execution\\\/#breadcrumb\",\"itemListElement\":[{\"@type\":\"ListItem\",\"position\":1,\"name\":\"Home\",\"item\":\"https:\\\/\\\/www.fxfellow.com\\\/\"},{\"@type\":\"ListItem\",\"position\":2,\"name\":\"Trading\",\"item\":\"https:\\\/\\\/www.fxfellow.com\\\/trading\\\/\"},{\"@type\":\"ListItem\",\"position\":3,\"name\":\"Trading Execution\"}]},{\"@type\":\"WebSite\",\"@id\":\"https:\\\/\\\/www.fxfellow.com\\\/#website\",\"url\":\"https:\\\/\\\/www.fxfellow.com\\\/\",\"name\":\"FXFellow\",\"description\":\"Trade the markets with FXFellow\",\"publisher\":{\"@id\":\"https:\\\/\\\/www.fxfellow.com\\\/#organization\"},\"potentialAction\":[{\"@type\":\"SearchAction\",\"target\":{\"@type\":\"EntryPoint\",\"urlTemplate\":\"https:\\\/\\\/www.fxfellow.com\\\/?s={search_term_string}\"},\"query-input\":{\"@type\":\"PropertyValueSpecification\",\"valueRequired\":true,\"valueName\":\"search_term_string\"}}],\"inLanguage\":\"es\"},{\"@type\":\"Organization\",\"@id\":\"https:\\\/\\\/www.fxfellow.com\\\/#organization\",\"name\":\"FXFellow\",\"url\":\"https:\\\/\\\/www.fxfellow.com\\\/\",\"logo\":{\"@type\":\"ImageObject\",\"inLanguage\":\"es\",\"@id\":\"https:\\\/\\\/www.fxfellow.com\\\/#\\\/schema\\\/logo\\\/image\\\/\",\"url\":\"https:\\\/\\\/www.fxfellow.com\\\/wp-content\\\/uploads\\\/2025\\\/06\\\/Group-109.png\",\"contentUrl\":\"https:\\\/\\\/www.fxfellow.com\\\/wp-content\\\/uploads\\\/2025\\\/06\\\/Group-109.png\",\"width\":231,\"height\":32,\"caption\":\"FXFellow\"},\"image\":{\"@id\":\"https:\\\/\\\/www.fxfellow.com\\\/#\\\/schema\\\/logo\\\/image\\\/\"}}]}<\/script>\n<!-- \/ Yoast SEO plugin. -->","yoast_head_json":{"title":"Trading Execution - FXFellow","robots":{"index":"index","follow":"follow","max-snippet":"max-snippet:-1","max-image-preview":"max-image-preview:large","max-video-preview":"max-video-preview:-1"},"canonical":"https:\/\/www.fxfellow.com\/es\/trading\/execution\/","og_locale":"es_ES","og_type":"article","og_title":"Trading Execution - FXFellow","og_description":"Reliable Trading Execution At FXFellow we strive to deliver the best execution available in the market, with the highest speed and quality in trading execution. To ensure this we consistently invest in technological advancement. We automate every aspect of the trading process, keeping manual intervention to a minimum, in order to maximise efficiency and effectiveness. [&hellip;]","og_url":"https:\/\/www.fxfellow.com\/es\/trading\/execution\/","og_site_name":"FXFellow","article_modified_time":"2025-07-31T12:04:48+00:00","og_image":[{"url":"https:\/\/www.fxfellow.com\/wp-content\/uploads\/2025\/07\/Group-1000002113-1.png","type":"","width":"","height":""}],"twitter_card":"summary_large_image","twitter_misc":{"Tiempo de lectura":"2 minutos"},"schema":{"@context":"https:\/\/schema.org","@graph":[{"@type":"WebPage","@id":"https:\/\/www.fxfellow.com\/trading\/execution\/","url":"https:\/\/www.fxfellow.com\/trading\/execution\/","name":"Trading Execution - FXFellow","isPartOf":{"@id":"https:\/\/www.fxfellow.com\/#website"},"primaryImageOfPage":{"@id":"https:\/\/www.fxfellow.com\/trading\/execution\/#primaryimage"},"image":{"@id":"https:\/\/www.fxfellow.com\/trading\/execution\/#primaryimage"},"thumbnailUrl":"https:\/\/www.fxfellow.com\/wp-content\/uploads\/2025\/07\/Group-1000002113-1.png","datePublished":"2025-06-13T08:39:33+00:00","dateModified":"2025-07-31T12:04:48+00:00","breadcrumb":{"@id":"https:\/\/www.fxfellow.com\/trading\/execution\/#breadcrumb"},"inLanguage":"es","potentialAction":[{"@type":"ReadAction","target":["https:\/\/www.fxfellow.com\/trading\/execution\/"]}]},{"@type":"ImageObject","inLanguage":"es","@id":"https:\/\/www.fxfellow.com\/trading\/execution\/#primaryimage","url":"https:\/\/www.fxfellow.com\/wp-content\/uploads\/2025\/07\/Group-1000002113-1.png","contentUrl":"https:\/\/www.fxfellow.com\/wp-content\/uploads\/2025\/07\/Group-1000002113-1.png"},{"@type":"BreadcrumbList","@id":"https:\/\/www.fxfellow.com\/trading\/execution\/#breadcrumb","itemListElement":[{"@type":"ListItem","position":1,"name":"Home","item":"https:\/\/www.fxfellow.com\/"},{"@type":"ListItem","position":2,"name":"Trading","item":"https:\/\/www.fxfellow.com\/trading\/"},{"@type":"ListItem","position":3,"name":"Trading Execution"}]},{"@type":"WebSite","@id":"https:\/\/www.fxfellow.com\/#website","url":"https:\/\/www.fxfellow.com\/","name":"FXFellow","description":"Opere en los mercados con FXFellow","publisher":{"@id":"https:\/\/www.fxfellow.com\/#organization"},"potentialAction":[{"@type":"SearchAction","target":{"@type":"EntryPoint","urlTemplate":"https:\/\/www.fxfellow.com\/?s={search_term_string}"},"query-input":{"@type":"PropertyValueSpecification","valueRequired":true,"valueName":"search_term_string"}}],"inLanguage":"es"},{"@type":"Organization","@id":"https:\/\/www.fxfellow.com\/#organization","name":"FXFellow","url":"https:\/\/www.fxfellow.com\/","logo":{"@type":"ImageObject","inLanguage":"es","@id":"https:\/\/www.fxfellow.com\/#\/schema\/logo\/image\/","url":"https:\/\/www.fxfellow.com\/wp-content\/uploads\/2025\/06\/Group-109.png","contentUrl":"https:\/\/www.fxfellow.com\/wp-content\/uploads\/2025\/06\/Group-109.png","width":231,"height":32,"caption":"FXFellow"},"image":{"@id":"https:\/\/www.fxfellow.com\/#\/schema\/logo\/image\/"}}]}},"_links":{"self":[{"href":"https:\/\/www.fxfellow.com\/es\/wp-json\/wp\/v2\/pages\/567","targetHints":{"allow":["GET"]}}],"collection":[{"href":"https:\/\/www.fxfellow.com\/es\/wp-json\/wp\/v2\/pages"}],"about":[{"href":"https:\/\/www.fxfellow.com\/es\/wp-json\/wp\/v2\/types\/page"}],"author":[{"embeddable":true,"href":"https:\/\/www.fxfellow.com\/es\/wp-json\/wp\/v2\/users\/5"}],"replies":[{"embeddable":true,"href":"https:\/\/www.fxfellow.com\/es\/wp-json\/wp\/v2\/comments?post=567"}],"version-history":[{"count":10,"href":"https:\/\/www.fxfellow.com\/es\/wp-json\/wp\/v2\/pages\/567\/revisions"}],"predecessor-version":[{"id":3302,"href":"https:\/\/www.fxfellow.com\/es\/wp-json\/wp\/v2\/pages\/567\/revisions\/3302"}],"up":[{"embeddable":true,"href":"https:\/\/www.fxfellow.com\/es\/wp-json\/wp\/v2\/pages\/271"}],"wp:attachment":[{"href":"https:\/\/www.fxfellow.com\/es\/wp-json\/wp\/v2\/media?parent=567"}],"curies":[{"name":"wp","href":"https:\/\/api.w.org\/{rel}","templated":true}]}}