{"id":915,"date":"2025-06-13T13:18:41","date_gmt":"2025-06-13T13:18:41","guid":{"rendered":"https:\/\/fxfellow-com.wp-dev.int.theitops.net\/?page_id=915"},"modified":"2026-05-04T10:43:39","modified_gmt":"2026-05-04T10:43:39","slug":"account-types","status":"publish","type":"page","link":"https:\/\/www.fxfellow.com\/de\/trading\/account-types\/","title":{"rendered":"Handelskonto"},"content":{"rendered":"<div data-elementor-type=\"wp-page\" data-elementor-id=\"915\" class=\"elementor elementor-915\" data-elementor-post-type=\"page\">\n\t\t\t\t<div class=\"elementor-element elementor-element-3aff819 e-flex e-con-boxed e-con e-parent\" data-id=\"3aff819\" data-element_type=\"container\" data-e-type=\"container\" data-settings=\"{&quot;background_background&quot;:&quot;classic&quot;}\">\n\t\t\t\t\t<div class=\"e-con-inner\">\n\t\t<div class=\"elementor-element elementor-element-bc6ef51 e-con-full e-flex e-con e-child\" data-id=\"bc6ef51\" data-element_type=\"container\" data-e-type=\"container\">\n\t\t\t\t<div class=\"elementor-element elementor-element-857cd20 elementor-widget__width-initial elementor-widget elementor-widget-heading\" data-id=\"857cd20\" data-element_type=\"widget\" data-e-type=\"widget\" data-widget_type=\"heading.default\">\n\t\t\t\t<div class=\"elementor-widget-container\">\n\t\t\t\t\t<h1 class=\"elementor-heading-title elementor-size-default\">Ein vollst\u00e4ndig aufr\u00fcstbares Handelskonto<\/h1>\t\t\t\t<\/div>\n\t\t\t\t<\/div>\n\t\t\t\t<div class=\"elementor-element elementor-element-b0173bd elementor-widget__width-initial elementor-widget elementor-widget-text-editor\" data-id=\"b0173bd\" data-element_type=\"widget\" data-e-type=\"widget\" data-widget_type=\"text-editor.default\">\n\t\t\t\t<div class=\"elementor-widget-container\">\n\t\t\t\t\t\t\t\t\tBei FXFellow ist unser vollst\u00e4ndig aufr\u00fcstbares Konto Ihr Tor zu intelligenterem Handel. Beginnen Sie noch heute mit dem Handel und schalten Sie leistungsstarke Funktionen, wettbewerbsf\u00e4hige Spreads und exklusive kreditbasierte Boni frei, w\u00e4hrend Sie durch unsere ma\u00dfgeschneiderten Stufen aufsteigen, die darauf ausgelegt sind, Ihr Potenzial in jeder Phase Ihrer Handelsreise zu maximieren.\t\t\t\t\t\t\t\t<\/div>\n\t\t\t\t<\/div>\n\t\t\t\t<\/div>\n\t\t<div class=\"elementor-element elementor-element-8dbe009 e-con-full e-flex e-con e-child\" data-id=\"8dbe009\" data-element_type=\"container\" data-e-type=\"container\">\n\t\t\t\t<div class=\"elementor-element elementor-element-e813944 elementor-widget__width-inherit elementor-hidden-mobile elementor-widget elementor-widget-html\" data-id=\"e813944\" data-element_type=\"widget\" data-e-type=\"widget\" data-widget_type=\"html.default\">\n\t\t\t\t<div class=\"elementor-widget-container\">\n\t\t\t\t\t\r\n<style>\r\n\r\n\r\n  table {\r\n    width: 100%;\r\n    border-collapse: collapse;\r\n    table-layout: fixed;\r\n    font-family: \"Figtree\";\r\n  }\r\n\r\nth, td {\r\n  width: 25%;\r\n}\r\n\r\n  thead th {\r\n    background: #000;\r\n    color: #F4F3F4;\r\n    text-align: left;\r\n    padding: 12px 16px;\r\n    font-size: 23px!important;\r\n    font-weight: 500;\r\n    line-height: 19px;\r\n    border-right: 1px solid #333;\r\n  }\r\n\r\n\/* First column \u2014 Bold *\/\r\ntd:first-child {\r\n  color: #000;\r\n  font-family: Figtree, sans-serif;\r\n  font-size: 14.637px;\r\n  font-style: normal;\r\n  font-weight: 600;\r\n  line-height: 18.82px;\r\n}\r\n\r\n\/* Remaining columns \u2014 Regular *\/\r\ntd:not(:first-child) {\r\n  color: #000;\r\n  font-family: Figtree, sans-serif;\r\n  font-size: 14.637px;\r\n  font-style: normal;\r\n  font-weight: 400;\r\n  line-height: 18.82px;\r\n}\r\n\r\n  .upgrade {\r\n    font-weight: 400;\r\n    font-size: 18px;\r\n    line-height: 18px;\r\n    color: #F4F3F4;\r\n  }\r\n\r\n  tbody tr {\r\n    border-bottom: 1px solid #828282;\r\n  }\r\n\r\n  tbody tr, table tbody>tr:nth-child(odd)>td, table tbody>tr:nth-child(odd)>th {\r\n    background: #fff!important;\r\n  }\r\n\r\n  td {\r\n    padding: 10px 16px;\r\n    border-right: 1px solid #828282;\r\n  }\r\n  @media only screen and (max-width: 1024px) {\r\n  thead th {\r\n    padding: 5px 10px;\r\n    font-size: 18px!important;\r\n    line-height: 18px;\r\n    vertical-align: middle;\r\n  }\r\n  .upgrade {\r\n    font-size: 14px;\r\n    line-height: 14px;\r\n  }\r\n  td:first-child, td:not(:first-child) {\r\n  font-size: 11px;\r\n  line-height: 18px;\r\n}\r\ntd {\r\n    padding: 5px 10px!important;\r\n    border-right: 1px solid #828282;\r\n  }\r\n}\r\n<\/style>\r\n\r\n\r\n<table>\r\n  <thead>\r\n    <tr>\r\n      <th><\/th>\r\n      <th>Basic<\/th>\r\n      <th>Premium <span class=\"upgrade\">Aktualisierung<\/span><\/th>\r\n      <th>VIP <span class=\"upgrade\">Aktualisierung<\/span><\/th>\r\n    <\/tr>\r\n  <\/thead>\r\n  <tbody>\r\n    <tr><td>FX Major<\/td><td>16<\/td><td>14<\/td><td>11<\/td><\/tr>\r\n    <tr><td>Gold<\/td><td>30<\/td><td>25<\/td><td>25<\/td><\/tr>\r\n    <tr><td>W\u00e4hrung<\/td><td>USD, EUR &amp; GBP<\/td><td>USD, EUR &amp; GBP<\/td><td>USD, EUR &amp; GBP<\/td><\/tr>\r\n    <tr><td>Verf\u00fcgbare Boni*<\/td><td>Ja<\/td><td><\/td><td><\/td><\/tr>\r\n    <tr><td>Swap-frei auf Anfrage<\/td><td>Ja<\/td><td>Ja<\/td><td>Ja<\/td><\/tr>\r\n  <\/tbody>\r\n<\/table>\r\n\r\n\r\n\t\t\t\t<\/div>\n\t\t\t\t<\/div>\n\t\t\t\t<div class=\"elementor-element elementor-element-8f95fcb elementor-widget__width-inherit elementor-hidden-desktop elementor-hidden-tablet elementor-widget elementor-widget-html\" data-id=\"8f95fcb\" data-element_type=\"widget\" data-e-type=\"widget\" data-widget_type=\"html.default\">\n\t\t\t\t<div class=\"elementor-widget-container\">\n\t\t\t\t\t<style>\r\n.tier-card { background: #fff; border-top: 0.5px solid #e0e0e0; border-bottom: 0.5px solid #e0e0e0; border-radius: 0; overflow: hidden; margin-bottom: 1.5rem; }\r\n.tier-header { background: #1a1a1a; color: #fff; text-align: center; padding: 7px 16px; min-height:60px;display: flex;flex-direction: column;justify-content: center; }\r\n.tier-header .title { font-size: 16px; font-weight: 500; margin: 0; }\r\n.tier-header .subtitle { font-size: 13px; color: #aaa; margin: 2px 0 0; }\r\n.tier-row { display: flex; justify-content: space-between; align-items: center; padding: 12px 16px; border-bottom: 0.5px solid #e0e0e0; font-size: 14px; }\r\n.tier-row:last-child { border-bottom: none; }\r\n.tier-row .label { color: #666; font-weight: 600; }\r\n.tier-row .value { color: #1a1a1a; text-align: right; }\r\n<\/style>\r\n\r\n<div class=\"tier-card\">\r\n  <div class=\"tier-header\"><p class=\"title\">Basic<\/p><\/div>\r\n  <div class=\"tier-row\"><span class=\"label\">FX Major<\/span><span class=\"value\">16<\/span><\/div>\r\n  <div class=\"tier-row\"><span class=\"label\">Gold<\/span><span class=\"value\">30<\/span><\/div>\r\n  <div class=\"tier-row\"><span class=\"label\">W\u00e4hrung<\/span><span class=\"value\">USD, EUR &amp; GBP<\/span><\/div>\r\n  <div class=\"tier-row\"><span class=\"label\">Verf\u00fcgbare Boni*<\/span><span class=\"value\">Ja<\/span><\/div>\r\n  <div class=\"tier-row\"><span class=\"label\">Swap-frei auf Anfrage<\/span><span class=\"value\">Ja<\/span><\/div>\r\n<\/div>\r\n\r\n<div class=\"tier-card\">\r\n  <div class=\"tier-header\"><p class=\"title\">Premium<\/p><p class=\"subtitle\">Aktualisierung<\/p><\/div>\r\n  <div class=\"tier-row\"><span class=\"label\">FX Major<\/span><span class=\"value\">14<\/span><\/div>\r\n  <div class=\"tier-row\"><span class=\"label\">Gold<\/span><span class=\"value\">25<\/span><\/div>\r\n  <div class=\"tier-row\"><span class=\"label\">W\u00e4hrung<\/span><span class=\"value\">USD, EUR &amp; GBP<\/span><\/div>\r\n  <div class=\"tier-row\"><span class=\"label\">Verf\u00fcgbare Boni*<\/span><span class=\"value\"><\/span><\/div>\r\n  <div class=\"tier-row\"><span class=\"label\">Swap-frei auf Anfrage<\/span><span class=\"value\">Ja<\/span><\/div>\r\n<\/div>\r\n\r\n<div class=\"tier-card\">\r\n  <div class=\"tier-header\"><p class=\"title\">VIP<\/p><p class=\"subtitle\">Aktualisierung<\/p><\/div>\r\n  <div class=\"tier-row\"><span class=\"label\">FX Major<\/span><span class=\"value\">11<\/span><\/div>\r\n  <div class=\"tier-row\"><span class=\"label\">Gold<\/span><span class=\"value\">25<\/span><\/div>\r\n  <div class=\"tier-row\"><span class=\"label\">W\u00e4hrung<\/span><span class=\"value\">USD, EUR &amp; GBP<\/span><\/div>\r\n  <div class=\"tier-row\"><span class=\"label\">Verf\u00fcgbare Boni*<\/span><span class=\"value\"><\/span><\/div>\r\n  <div class=\"tier-row\"><span class=\"label\">Swap-frei auf Anfrage<\/span><span class=\"value\">Ja<\/span><\/div>\r\n<\/div>\t\t\t\t<\/div>\n\t\t\t\t<\/div>\n\t\t\t\t<div class=\"elementor-element elementor-element-68fdf56 elementor-widget elementor-widget-text-editor\" data-id=\"68fdf56\" data-element_type=\"widget\" data-e-type=\"widget\" data-widget_type=\"text-editor.default\">\n\t\t\t\t<div class=\"elementor-widget-container\">\n\t\t\t\t\t\t\t\t\t<p>*Es gelten die Allgemeinen Gesch\u00e4ftsbedingungen. Der Bonus kann nicht ausbezahlt werden<\/p>\t\t\t\t\t\t\t\t<\/div>\n\t\t\t\t<\/div>\n\t\t\t\t<\/div>\n\t\t<div class=\"elementor-element elementor-element-dfe9c33 e-con-full e-flex e-con e-child\" data-id=\"dfe9c33\" data-element_type=\"container\" data-e-type=\"container\">\n\t\t\t\t<div class=\"elementor-element elementor-element-be4c9fe elementor-widget elementor-widget-button\" data-id=\"be4c9fe\" data-element_type=\"widget\" data-e-type=\"widget\" data-widget_type=\"button.default\">\n\t\t\t\t<div class=\"elementor-widget-container\">\n\t\t\t\t\t\t\t\t\t<div class=\"elementor-button-wrapper\">\n\t\t\t\t\t<a class=\"elementor-button elementor-button-link elementor-size-sm\" href=\"https:\/\/my.fxfellow.com\/#\/register\">\n\t\t\t\t\t\t<span class=\"elementor-button-content-wrapper\">\n\t\t\t\t\t\t\t\t\t<span class=\"elementor-button-text\">Live-Konto er\u00f6ffnen<\/span>\n\t\t\t\t\t<\/span>\n\t\t\t\t\t<\/a>\n\t\t\t\t<\/div>\n\t\t\t\t\t\t\t\t<\/div>\n\t\t\t\t<\/div>\n\t\t\t\t<div class=\"elementor-element elementor-element-4ca42b2 elementor-widget-mobile__width-initial elementor-widget elementor-widget-text-editor\" data-id=\"4ca42b2\" data-element_type=\"widget\" data-e-type=\"widget\" data-widget_type=\"text-editor.default\">\n\t\t\t\t<div class=\"elementor-widget-container\">\n\t\t\t\t\t\t\t\t\t<p>Jeder Trade ist mit einem Risiko verbunden. Es ist m\u00f6glich, dass Sie Ihr gesamtes Kapital verlieren.<\/p>\t\t\t\t\t\t\t\t<\/div>\n\t\t\t\t<\/div>\n\t\t\t\t<\/div>\n\t\t\t\t\t<\/div>\n\t\t\t\t<\/div>\n\t\t\t\t<\/div>","protected":false},"excerpt":{"rendered":"<p>A Fully Upgradable Trading Account At FXFellow, our fully upgradable account is your gateway to smarter trading. Start trading today and unlock powerful features, competitive spreads, and exclusive credit-based bonuses as you climb through our tailored tiers, designed to maximize your potential at every stage of your trading journey. Basic Premium Upgrade* VIP Upgrade* FX [&hellip;]<\/p>\n","protected":false},"author":7,"featured_media":0,"parent":271,"menu_order":0,"comment_status":"closed","ping_status":"closed","template":"","meta":{"footnotes":""},"class_list":["post-915","page","type-page","status-publish","hentry"],"yoast_head":"<!-- This site is optimized with the Yoast SEO plugin v27.5 - https:\/\/yoast.com\/product\/yoast-seo-wordpress\/ -->\n<title>Trading Accounts - FXFellow<\/title>\n<meta name=\"robots\" content=\"index, follow, max-snippet:-1, max-image-preview:large, max-video-preview:-1\" \/>\n<link rel=\"canonical\" href=\"https:\/\/www.fxfellow.com\/de\/trading\/account-types\/\" \/>\n<meta property=\"og:locale\" content=\"de_DE\" \/>\n<meta property=\"og:type\" content=\"article\" \/>\n<meta property=\"og:title\" content=\"Trading Accounts - FXFellow\" \/>\n<meta property=\"og:description\" content=\"A Fully Upgradable Trading Account At FXFellow, our fully upgradable account is your gateway to smarter trading. Start trading today and unlock powerful features, competitive spreads, and exclusive credit-based bonuses as you climb through our tailored tiers, designed to maximize your potential at every stage of your trading journey. Basic Premium Upgrade* VIP Upgrade* FX [&hellip;]\" \/>\n<meta property=\"og:url\" content=\"https:\/\/www.fxfellow.com\/de\/trading\/account-types\/\" \/>\n<meta property=\"og:site_name\" content=\"FXFellow\" \/>\n<meta property=\"article:modified_time\" content=\"2026-05-04T10:43:39+00:00\" \/>\n<meta name=\"twitter:card\" content=\"summary_large_image\" \/>\n<meta name=\"twitter:label1\" content=\"Gesch\u00e4tzte Lesezeit\" \/>\n\t<meta name=\"twitter:data1\" content=\"1\u00a0Minute\" \/>\n<script type=\"application\/ld+json\" class=\"yoast-schema-graph\">{\"@context\":\"https:\\\/\\\/schema.org\",\"@graph\":[{\"@type\":\"WebPage\",\"@id\":\"https:\\\/\\\/www.fxfellow.com\\\/trading\\\/account-types\\\/\",\"url\":\"https:\\\/\\\/www.fxfellow.com\\\/trading\\\/account-types\\\/\",\"name\":\"Trading Accounts - FXFellow\",\"isPartOf\":{\"@id\":\"https:\\\/\\\/www.fxfellow.com\\\/#website\"},\"datePublished\":\"2025-06-13T13:18:41+00:00\",\"dateModified\":\"2026-05-04T10:43:39+00:00\",\"breadcrumb\":{\"@id\":\"https:\\\/\\\/www.fxfellow.com\\\/trading\\\/account-types\\\/#breadcrumb\"},\"inLanguage\":\"de\",\"potentialAction\":[{\"@type\":\"ReadAction\",\"target\":[\"https:\\\/\\\/www.fxfellow.com\\\/trading\\\/account-types\\\/\"]}]},{\"@type\":\"BreadcrumbList\",\"@id\":\"https:\\\/\\\/www.fxfellow.com\\\/trading\\\/account-types\\\/#breadcrumb\",\"itemListElement\":[{\"@type\":\"ListItem\",\"position\":1,\"name\":\"Home\",\"item\":\"https:\\\/\\\/www.fxfellow.com\\\/\"},{\"@type\":\"ListItem\",\"position\":2,\"name\":\"Trading\",\"item\":\"https:\\\/\\\/www.fxfellow.com\\\/trading\\\/\"},{\"@type\":\"ListItem\",\"position\":3,\"name\":\"Trading Accounts\"}]},{\"@type\":\"WebSite\",\"@id\":\"https:\\\/\\\/www.fxfellow.com\\\/#website\",\"url\":\"https:\\\/\\\/www.fxfellow.com\\\/\",\"name\":\"FXFellow\",\"description\":\"Trade the markets with FXFellow\",\"publisher\":{\"@id\":\"https:\\\/\\\/www.fxfellow.com\\\/#organization\"},\"potentialAction\":[{\"@type\":\"SearchAction\",\"target\":{\"@type\":\"EntryPoint\",\"urlTemplate\":\"https:\\\/\\\/www.fxfellow.com\\\/?s={search_term_string}\"},\"query-input\":{\"@type\":\"PropertyValueSpecification\",\"valueRequired\":true,\"valueName\":\"search_term_string\"}}],\"inLanguage\":\"de\"},{\"@type\":\"Organization\",\"@id\":\"https:\\\/\\\/www.fxfellow.com\\\/#organization\",\"name\":\"FXFellow\",\"url\":\"https:\\\/\\\/www.fxfellow.com\\\/\",\"logo\":{\"@type\":\"ImageObject\",\"inLanguage\":\"de\",\"@id\":\"https:\\\/\\\/www.fxfellow.com\\\/#\\\/schema\\\/logo\\\/image\\\/\",\"url\":\"https:\\\/\\\/www.fxfellow.com\\\/wp-content\\\/uploads\\\/2025\\\/06\\\/Group-109.png\",\"contentUrl\":\"https:\\\/\\\/www.fxfellow.com\\\/wp-content\\\/uploads\\\/2025\\\/06\\\/Group-109.png\",\"width\":231,\"height\":32,\"caption\":\"FXFellow\"},\"image\":{\"@id\":\"https:\\\/\\\/www.fxfellow.com\\\/#\\\/schema\\\/logo\\\/image\\\/\"}}]}<\/script>\n<!-- \/ Yoast SEO plugin. -->","yoast_head_json":{"title":"Trading Accounts - FXFellow","robots":{"index":"index","follow":"follow","max-snippet":"max-snippet:-1","max-image-preview":"max-image-preview:large","max-video-preview":"max-video-preview:-1"},"canonical":"https:\/\/www.fxfellow.com\/de\/trading\/account-types\/","og_locale":"de_DE","og_type":"article","og_title":"Trading Accounts - FXFellow","og_description":"A Fully Upgradable Trading Account At FXFellow, our fully upgradable account is your gateway to smarter trading. Start trading today and unlock powerful features, competitive spreads, and exclusive credit-based bonuses as you climb through our tailored tiers, designed to maximize your potential at every stage of your trading journey. Basic Premium Upgrade* VIP Upgrade* FX [&hellip;]","og_url":"https:\/\/www.fxfellow.com\/de\/trading\/account-types\/","og_site_name":"FXFellow","article_modified_time":"2026-05-04T10:43:39+00:00","twitter_card":"summary_large_image","twitter_misc":{"Gesch\u00e4tzte Lesezeit":"1\u00a0Minute"},"schema":{"@context":"https:\/\/schema.org","@graph":[{"@type":"WebPage","@id":"https:\/\/www.fxfellow.com\/trading\/account-types\/","url":"https:\/\/www.fxfellow.com\/trading\/account-types\/","name":"Trading Accounts - FXFellow","isPartOf":{"@id":"https:\/\/www.fxfellow.com\/#website"},"datePublished":"2025-06-13T13:18:41+00:00","dateModified":"2026-05-04T10:43:39+00:00","breadcrumb":{"@id":"https:\/\/www.fxfellow.com\/trading\/account-types\/#breadcrumb"},"inLanguage":"de","potentialAction":[{"@type":"ReadAction","target":["https:\/\/www.fxfellow.com\/trading\/account-types\/"]}]},{"@type":"BreadcrumbList","@id":"https:\/\/www.fxfellow.com\/trading\/account-types\/#breadcrumb","itemListElement":[{"@type":"ListItem","position":1,"name":"Home","item":"https:\/\/www.fxfellow.com\/"},{"@type":"ListItem","position":2,"name":"Trading","item":"https:\/\/www.fxfellow.com\/trading\/"},{"@type":"ListItem","position":3,"name":"Trading Accounts"}]},{"@type":"WebSite","@id":"https:\/\/www.fxfellow.com\/#website","url":"https:\/\/www.fxfellow.com\/","name":"<span>FXFellow <\/span>teil","description":"Traden Sie die M\u00e4rkte mit FXFellow","publisher":{"@id":"https:\/\/www.fxfellow.com\/#organization"},"potentialAction":[{"@type":"SearchAction","target":{"@type":"EntryPoint","urlTemplate":"https:\/\/www.fxfellow.com\/?s={search_term_string}"},"query-input":{"@type":"PropertyValueSpecification","valueRequired":true,"valueName":"search_term_string"}}],"inLanguage":"de"},{"@type":"Organization","@id":"https:\/\/www.fxfellow.com\/#organization","name":"<span>FXFellow <\/span>teil","url":"https:\/\/www.fxfellow.com\/","logo":{"@type":"ImageObject","inLanguage":"de","@id":"https:\/\/www.fxfellow.com\/#\/schema\/logo\/image\/","url":"https:\/\/www.fxfellow.com\/wp-content\/uploads\/2025\/06\/Group-109.png","contentUrl":"https:\/\/www.fxfellow.com\/wp-content\/uploads\/2025\/06\/Group-109.png","width":231,"height":32,"caption":"FXFellow"},"image":{"@id":"https:\/\/www.fxfellow.com\/#\/schema\/logo\/image\/"}}]}},"_links":{"self":[{"href":"https:\/\/www.fxfellow.com\/de\/wp-json\/wp\/v2\/pages\/915","targetHints":{"allow":["GET"]}}],"collection":[{"href":"https:\/\/www.fxfellow.com\/de\/wp-json\/wp\/v2\/pages"}],"about":[{"href":"https:\/\/www.fxfellow.com\/de\/wp-json\/wp\/v2\/types\/page"}],"author":[{"embeddable":true,"href":"https:\/\/www.fxfellow.com\/de\/wp-json\/wp\/v2\/users\/7"}],"replies":[{"embeddable":true,"href":"https:\/\/www.fxfellow.com\/de\/wp-json\/wp\/v2\/comments?post=915"}],"version-history":[{"count":10,"href":"https:\/\/www.fxfellow.com\/de\/wp-json\/wp\/v2\/pages\/915\/revisions"}],"predecessor-version":[{"id":4522,"href":"https:\/\/www.fxfellow.com\/de\/wp-json\/wp\/v2\/pages\/915\/revisions\/4522"}],"up":[{"embeddable":true,"href":"https:\/\/www.fxfellow.com\/de\/wp-json\/wp\/v2\/pages\/271"}],"wp:attachment":[{"href":"https:\/\/www.fxfellow.com\/de\/wp-json\/wp\/v2\/media?parent=915"}],"curies":[{"name":"wp","href":"https:\/\/api.w.org\/{rel}","templated":true}]}}